{"id":17519,"date":"2021-07-05T11:49:14","date_gmt":"2021-07-05T09:49:14","guid":{"rendered":"https:\/\/mazzer.mapo.dev\/prodotto\/super-jolly-v-pro-2\/"},"modified":"2021-07-05T11:49:14","modified_gmt":"2021-07-05T09:49:14","slug":"super-jolly-v-pro-2","status":"publish","type":"product","link":"https:\/\/mazzer.mapo.dev\/es\/prodotto\/super-jolly-v-pro-2\/","title":{"rendered":"Super Jolly V Pro"},"content":{"rendered":"<p>Design iconico, tecnologia all&#8217;avanguardia e massima affidabilit\u00e0, il Super Jolly V Pro \u00e8 un macinacaff\u00e8 premium per caffetterie esigenti con volumi medio-bassi che cercano qualit\u00e0, facilit\u00e0 d&#8217;uso e risultati costanti. L&#8217;evoluzione del suo design, aggiornato con nuove ed eleganti linee, rende il Super Jolly V Pro un classico contemporaneo, un macinacaff\u00e8 moderno che rende omaggio al modello Jolly del 1971.<\/p>\n","protected":false},"excerpt":{"rendered":"<p>Design iconico, tecnologia all&#8217;avanguardia e massima affidabilit\u00e0, il Super Jolly V Pro \u00e8 un macinacaff\u00e8 premium per caffetterie esigenti con volumi medio-bassi che cercano qualit\u00e0, facilit\u00e0 d&#8217;uso e risultati costanti. L&#8217;evoluzione del suo design, aggiornato con nuove ed eleganti linee, rende il Super Jolly V Pro un classico contemporaneo, un macinacaff\u00e8 moderno che rende omaggio [&hellip;]<\/p>\n","protected":false},"featured_media":16811,"template":"","meta":{"inline_featured_image":false},"product_brand":[],"product_cat":[599,631],"product_tag":[632,630,603],"class_list":{"0":"post-17519","1":"product","2":"type-product","3":"status-publish","4":"has-post-thumbnail","6":"product_cat-macinacaffe-es","7":"product_cat-super-jolly","8":"product_tag-doser-es","9":"product_tag-medi-es","10":"product_tag-piane-es","12":"first","13":"instock","14":"sold-individually","15":"taxable","16":"shipping-taxable","17":"purchasable","18":"product-type-variable"},"acf":[],"yoast_head":"<!-- This site is optimized with the Yoast SEO plugin v25.4 - https:\/\/yoast.com\/wordpress\/plugins\/seo\/ -->\n<title>Super Jolly V Pro - Mazzer<\/title>\n<meta name=\"robots\" content=\"index, follow, max-snippet:-1, max-image-preview:large, max-video-preview:-1\" \/>\n<link rel=\"canonical\" href=\"https:\/\/www.mazzer.com\/es\/prodotto\/super-jolly-v-pro-2\/\" \/>\n<meta property=\"og:locale\" content=\"es_ES\" \/>\n<meta property=\"og:type\" content=\"article\" \/>\n<meta property=\"og:title\" content=\"Super Jolly V Pro - Mazzer\" \/>\n<meta property=\"og:description\" content=\"Design iconico, tecnologia all&#8217;avanguardia e massima affidabilit\u00e0, il Super Jolly V Pro \u00e8 un macinacaff\u00e8 premium per caffetterie esigenti con volumi medio-bassi che cercano qualit\u00e0, facilit\u00e0 d&#8217;uso e risultati costanti. L&#8217;evoluzione del suo design, aggiornato con nuove ed eleganti linee, rende il Super Jolly V Pro un classico contemporaneo, un macinacaff\u00e8 moderno che rende omaggio [&hellip;]\" \/>\n<meta property=\"og:url\" content=\"https:\/\/www.mazzer.com\/es\/prodotto\/super-jolly-v-pro-2\/\" \/>\n<meta property=\"og:site_name\" content=\"Mazzer\" \/>\n<meta property=\"og:image\" content=\"https:\/\/www.mazzer.com\/wp-content\/uploads\/2021\/07\/sj-v-pro-doser-1.jpg\" \/>\n\t<meta property=\"og:image:width\" content=\"656\" \/>\n\t<meta property=\"og:image:height\" content=\"984\" \/>\n\t<meta property=\"og:image:type\" content=\"image\/jpeg\" \/>\n<meta name=\"twitter:card\" content=\"summary_large_image\" \/>\n<script type=\"application\/ld+json\" class=\"yoast-schema-graph\">{\"@context\":\"https:\/\/schema.org\",\"@graph\":[{\"@type\":\"WebPage\",\"@id\":\"https:\/\/www.mazzer.com\/es\/prodotto\/super-jolly-v-pro-2\/\",\"url\":\"https:\/\/www.mazzer.com\/es\/prodotto\/super-jolly-v-pro-2\/\",\"name\":\"Super Jolly V Pro - Mazzer\",\"isPartOf\":{\"@id\":\"https:\/\/www.mazzer.com\/#website\"},\"primaryImageOfPage\":{\"@id\":\"https:\/\/www.mazzer.com\/es\/prodotto\/super-jolly-v-pro-2\/#primaryimage\"},\"image\":{\"@id\":\"https:\/\/www.mazzer.com\/es\/prodotto\/super-jolly-v-pro-2\/#primaryimage\"},\"thumbnailUrl\":\"https:\/\/mazzer.mapo.dev\/wp-content\/uploads\/2021\/07\/sj-v-pro-doser-1.jpg\",\"datePublished\":\"2021-07-05T09:49:14+00:00\",\"breadcrumb\":{\"@id\":\"https:\/\/www.mazzer.com\/es\/prodotto\/super-jolly-v-pro-2\/#breadcrumb\"},\"inLanguage\":\"es-ES\",\"potentialAction\":[{\"@type\":\"ReadAction\",\"target\":[\"https:\/\/www.mazzer.com\/es\/prodotto\/super-jolly-v-pro-2\/\"]}]},{\"@type\":\"ImageObject\",\"inLanguage\":\"es-ES\",\"@id\":\"https:\/\/www.mazzer.com\/es\/prodotto\/super-jolly-v-pro-2\/#primaryimage\",\"url\":\"https:\/\/mazzer.mapo.dev\/wp-content\/uploads\/2021\/07\/sj-v-pro-doser-1.jpg\",\"contentUrl\":\"https:\/\/mazzer.mapo.dev\/wp-content\/uploads\/2021\/07\/sj-v-pro-doser-1.jpg\",\"width\":656,\"height\":984},{\"@type\":\"BreadcrumbList\",\"@id\":\"https:\/\/www.mazzer.com\/es\/prodotto\/super-jolly-v-pro-2\/#breadcrumb\",\"itemListElement\":[{\"@type\":\"ListItem\",\"position\":1,\"name\":\"Home\",\"item\":\"https:\/\/www.mazzer.com\/\"},{\"@type\":\"ListItem\",\"position\":2,\"name\":\"Prodotti\",\"item\":\"https:\/\/www.mazzer.com\/shop\/\"},{\"@type\":\"ListItem\",\"position\":3,\"name\":\"Super Jolly V Pro\"}]},{\"@type\":\"WebSite\",\"@id\":\"https:\/\/www.mazzer.com\/#website\",\"url\":\"https:\/\/www.mazzer.com\/\",\"name\":\"Mazzer\",\"description\":\"Macinacaff\u00e8 professionali, Macine e Macinadosatori\",\"potentialAction\":[{\"@type\":\"SearchAction\",\"target\":{\"@type\":\"EntryPoint\",\"urlTemplate\":\"https:\/\/www.mazzer.com\/?s={search_term_string}\"},\"query-input\":{\"@type\":\"PropertyValueSpecification\",\"valueRequired\":true,\"valueName\":\"search_term_string\"}}],\"inLanguage\":\"es-ES\"}]}<\/script>\n<!-- \/ Yoast SEO plugin. -->","yoast_head_json":{"title":"Super Jolly V Pro - Mazzer","robots":{"index":"index","follow":"follow","max-snippet":"max-snippet:-1","max-image-preview":"max-image-preview:large","max-video-preview":"max-video-preview:-1"},"canonical":"https:\/\/www.mazzer.com\/es\/prodotto\/super-jolly-v-pro-2\/","og_locale":"es_ES","og_type":"article","og_title":"Super Jolly V Pro - Mazzer","og_description":"Design iconico, tecnologia all&#8217;avanguardia e massima affidabilit\u00e0, il Super Jolly V Pro \u00e8 un macinacaff\u00e8 premium per caffetterie esigenti con volumi medio-bassi che cercano qualit\u00e0, facilit\u00e0 d&#8217;uso e risultati costanti. L&#8217;evoluzione del suo design, aggiornato con nuove ed eleganti linee, rende il Super Jolly V Pro un classico contemporaneo, un macinacaff\u00e8 moderno che rende omaggio [&hellip;]","og_url":"https:\/\/www.mazzer.com\/es\/prodotto\/super-jolly-v-pro-2\/","og_site_name":"Mazzer","og_image":[{"width":656,"height":984,"url":"https:\/\/www.mazzer.com\/wp-content\/uploads\/2021\/07\/sj-v-pro-doser-1.jpg","type":"image\/jpeg"}],"twitter_card":"summary_large_image","schema":{"@context":"https:\/\/schema.org","@graph":[{"@type":"WebPage","@id":"https:\/\/www.mazzer.com\/es\/prodotto\/super-jolly-v-pro-2\/","url":"https:\/\/www.mazzer.com\/es\/prodotto\/super-jolly-v-pro-2\/","name":"Super Jolly V Pro - Mazzer","isPartOf":{"@id":"https:\/\/www.mazzer.com\/#website"},"primaryImageOfPage":{"@id":"https:\/\/www.mazzer.com\/es\/prodotto\/super-jolly-v-pro-2\/#primaryimage"},"image":{"@id":"https:\/\/www.mazzer.com\/es\/prodotto\/super-jolly-v-pro-2\/#primaryimage"},"thumbnailUrl":"https:\/\/mazzer.mapo.dev\/wp-content\/uploads\/2021\/07\/sj-v-pro-doser-1.jpg","datePublished":"2021-07-05T09:49:14+00:00","breadcrumb":{"@id":"https:\/\/www.mazzer.com\/es\/prodotto\/super-jolly-v-pro-2\/#breadcrumb"},"inLanguage":"es-ES","potentialAction":[{"@type":"ReadAction","target":["https:\/\/www.mazzer.com\/es\/prodotto\/super-jolly-v-pro-2\/"]}]},{"@type":"ImageObject","inLanguage":"es-ES","@id":"https:\/\/www.mazzer.com\/es\/prodotto\/super-jolly-v-pro-2\/#primaryimage","url":"https:\/\/mazzer.mapo.dev\/wp-content\/uploads\/2021\/07\/sj-v-pro-doser-1.jpg","contentUrl":"https:\/\/mazzer.mapo.dev\/wp-content\/uploads\/2021\/07\/sj-v-pro-doser-1.jpg","width":656,"height":984},{"@type":"BreadcrumbList","@id":"https:\/\/www.mazzer.com\/es\/prodotto\/super-jolly-v-pro-2\/#breadcrumb","itemListElement":[{"@type":"ListItem","position":1,"name":"Home","item":"https:\/\/www.mazzer.com\/"},{"@type":"ListItem","position":2,"name":"Prodotti","item":"https:\/\/www.mazzer.com\/shop\/"},{"@type":"ListItem","position":3,"name":"Super Jolly V Pro"}]},{"@type":"WebSite","@id":"https:\/\/www.mazzer.com\/#website","url":"https:\/\/www.mazzer.com\/","name":"Mazzer","description":"Macinacaff\u00e8 professionali, Macine e Macinadosatori","potentialAction":[{"@type":"SearchAction","target":{"@type":"EntryPoint","urlTemplate":"https:\/\/www.mazzer.com\/?s={search_term_string}"},"query-input":{"@type":"PropertyValueSpecification","valueRequired":true,"valueName":"search_term_string"}}],"inLanguage":"es-ES"}]}},"_links":{"self":[{"href":"https:\/\/mazzer.mapo.dev\/es\/wp-json\/wp\/v2\/product\/17519","targetHints":{"allow":["GET"]}}],"collection":[{"href":"https:\/\/mazzer.mapo.dev\/es\/wp-json\/wp\/v2\/product"}],"about":[{"href":"https:\/\/mazzer.mapo.dev\/es\/wp-json\/wp\/v2\/types\/product"}],"wp:featuredmedia":[{"embeddable":true,"href":"https:\/\/mazzer.mapo.dev\/es\/wp-json\/wp\/v2\/media\/16811"}],"wp:attachment":[{"href":"https:\/\/mazzer.mapo.dev\/es\/wp-json\/wp\/v2\/media?parent=17519"}],"wp:term":[{"taxonomy":"product_brand","embeddable":true,"href":"https:\/\/mazzer.mapo.dev\/es\/wp-json\/wp\/v2\/product_brand?post=17519"},{"taxonomy":"product_cat","embeddable":true,"href":"https:\/\/mazzer.mapo.dev\/es\/wp-json\/wp\/v2\/product_cat?post=17519"},{"taxonomy":"product_tag","embeddable":true,"href":"https:\/\/mazzer.mapo.dev\/es\/wp-json\/wp\/v2\/product_tag?post=17519"}],"curies":[{"name":"wp","href":"https:\/\/api.w.org\/{rel}","templated":true}]}}