{"id":17418,"date":"2021-10-18T11:59:29","date_gmt":"2021-10-18T09:59:29","guid":{"rendered":"https:\/\/mazzer.mapo.dev\/prodotto\/t-tamper\/"},"modified":"2021-10-18T11:59:29","modified_gmt":"2021-10-18T09:59:29","slug":"t-tamper","status":"publish","type":"product","link":"https:\/\/mazzer.mapo.dev\/es\/prodotto\/t-tamper\/","title":{"rendered":"T-Tamper"},"content":{"rendered":"<p>T-Tamper nasce per rispondere all\u2019esigenza di ottenere estrazioni costanti, migliorare la qualit\u00e0 del caff\u00e8 in tazza e tutelare il benessere del barista. La macchina automaticamente distribuisce, livella e pressa il caff\u00e8 macinato ottimizzando workflow e risultati.<\/p>\n","protected":false},"excerpt":{"rendered":"<p>T-Tamper nasce per rispondere all\u2019esigenza di ottenere estrazioni costanti, migliorare la qualit\u00e0 del caff\u00e8 in tazza e tutelare il benessere del barista. La macchina automaticamente distribuisce, livella e pressa il caff\u00e8 macinato ottimizzando workflow e risultati.<\/p>\n","protected":false},"featured_media":17008,"template":"","meta":{"inline_featured_image":false},"product_brand":[],"product_cat":[686],"product_tag":[],"class_list":{"0":"post-17418","1":"product","2":"type-product","3":"status-publish","4":"has-post-thumbnail","6":"product_cat-t-tamper-es","8":"first","9":"instock","10":"taxable","11":"shipping-taxable","12":"purchasable","13":"product-type-variable"},"acf":[],"yoast_head":"<!-- This site is optimized with the Yoast SEO plugin v25.4 - https:\/\/yoast.com\/wordpress\/plugins\/seo\/ -->\n<title>T-Tamper - Mazzer<\/title>\n<meta name=\"robots\" content=\"index, follow, max-snippet:-1, max-image-preview:large, max-video-preview:-1\" \/>\n<link rel=\"canonical\" href=\"https:\/\/www.mazzer.com\/es\/prodotto\/t-tamper\/\" \/>\n<meta property=\"og:locale\" content=\"es_ES\" \/>\n<meta property=\"og:type\" content=\"article\" \/>\n<meta property=\"og:title\" content=\"T-Tamper - Mazzer\" \/>\n<meta property=\"og:description\" content=\"T-Tamper nasce per rispondere all\u2019esigenza di ottenere estrazioni costanti, migliorare la qualit\u00e0 del caff\u00e8 in tazza e tutelare il benessere del barista. La macchina automaticamente distribuisce, livella e pressa il caff\u00e8 macinato ottimizzando workflow e risultati.\" \/>\n<meta property=\"og:url\" content=\"https:\/\/www.mazzer.com\/es\/prodotto\/t-tamper\/\" \/>\n<meta property=\"og:site_name\" content=\"Mazzer\" \/>\n<meta property=\"og:image\" content=\"https:\/\/www.mazzer.com\/wp-content\/uploads\/2021\/10\/t-tamper-black-3-4.jpg\" \/>\n\t<meta property=\"og:image:width\" content=\"656\" \/>\n\t<meta property=\"og:image:height\" content=\"984\" \/>\n\t<meta property=\"og:image:type\" content=\"image\/jpeg\" \/>\n<meta name=\"twitter:card\" content=\"summary_large_image\" \/>\n<script type=\"application\/ld+json\" class=\"yoast-schema-graph\">{\"@context\":\"https:\/\/schema.org\",\"@graph\":[{\"@type\":\"WebPage\",\"@id\":\"https:\/\/www.mazzer.com\/es\/prodotto\/t-tamper\/\",\"url\":\"https:\/\/www.mazzer.com\/es\/prodotto\/t-tamper\/\",\"name\":\"T-Tamper - Mazzer\",\"isPartOf\":{\"@id\":\"https:\/\/www.mazzer.com\/#website\"},\"primaryImageOfPage\":{\"@id\":\"https:\/\/www.mazzer.com\/es\/prodotto\/t-tamper\/#primaryimage\"},\"image\":{\"@id\":\"https:\/\/www.mazzer.com\/es\/prodotto\/t-tamper\/#primaryimage\"},\"thumbnailUrl\":\"https:\/\/mazzer.mapo.dev\/wp-content\/uploads\/2021\/10\/t-tamper-black-3-4.jpg\",\"datePublished\":\"2021-10-18T09:59:29+00:00\",\"breadcrumb\":{\"@id\":\"https:\/\/www.mazzer.com\/es\/prodotto\/t-tamper\/#breadcrumb\"},\"inLanguage\":\"es-ES\",\"potentialAction\":[{\"@type\":\"ReadAction\",\"target\":[\"https:\/\/www.mazzer.com\/es\/prodotto\/t-tamper\/\"]}]},{\"@type\":\"ImageObject\",\"inLanguage\":\"es-ES\",\"@id\":\"https:\/\/www.mazzer.com\/es\/prodotto\/t-tamper\/#primaryimage\",\"url\":\"https:\/\/mazzer.mapo.dev\/wp-content\/uploads\/2021\/10\/t-tamper-black-3-4.jpg\",\"contentUrl\":\"https:\/\/mazzer.mapo.dev\/wp-content\/uploads\/2021\/10\/t-tamper-black-3-4.jpg\",\"width\":656,\"height\":984},{\"@type\":\"BreadcrumbList\",\"@id\":\"https:\/\/www.mazzer.com\/es\/prodotto\/t-tamper\/#breadcrumb\",\"itemListElement\":[{\"@type\":\"ListItem\",\"position\":1,\"name\":\"Home\",\"item\":\"https:\/\/www.mazzer.com\/\"},{\"@type\":\"ListItem\",\"position\":2,\"name\":\"Prodotti\",\"item\":\"https:\/\/www.mazzer.com\/shop\/\"},{\"@type\":\"ListItem\",\"position\":3,\"name\":\"T-Tamper\"}]},{\"@type\":\"WebSite\",\"@id\":\"https:\/\/www.mazzer.com\/#website\",\"url\":\"https:\/\/www.mazzer.com\/\",\"name\":\"Mazzer\",\"description\":\"Macinacaff\u00e8 professionali, Macine e Macinadosatori\",\"potentialAction\":[{\"@type\":\"SearchAction\",\"target\":{\"@type\":\"EntryPoint\",\"urlTemplate\":\"https:\/\/www.mazzer.com\/?s={search_term_string}\"},\"query-input\":{\"@type\":\"PropertyValueSpecification\",\"valueRequired\":true,\"valueName\":\"search_term_string\"}}],\"inLanguage\":\"es-ES\"}]}<\/script>\n<!-- \/ Yoast SEO plugin. -->","yoast_head_json":{"title":"T-Tamper - Mazzer","robots":{"index":"index","follow":"follow","max-snippet":"max-snippet:-1","max-image-preview":"max-image-preview:large","max-video-preview":"max-video-preview:-1"},"canonical":"https:\/\/www.mazzer.com\/es\/prodotto\/t-tamper\/","og_locale":"es_ES","og_type":"article","og_title":"T-Tamper - Mazzer","og_description":"T-Tamper nasce per rispondere all\u2019esigenza di ottenere estrazioni costanti, migliorare la qualit\u00e0 del caff\u00e8 in tazza e tutelare il benessere del barista. La macchina automaticamente distribuisce, livella e pressa il caff\u00e8 macinato ottimizzando workflow e risultati.","og_url":"https:\/\/www.mazzer.com\/es\/prodotto\/t-tamper\/","og_site_name":"Mazzer","og_image":[{"width":656,"height":984,"url":"https:\/\/www.mazzer.com\/wp-content\/uploads\/2021\/10\/t-tamper-black-3-4.jpg","type":"image\/jpeg"}],"twitter_card":"summary_large_image","schema":{"@context":"https:\/\/schema.org","@graph":[{"@type":"WebPage","@id":"https:\/\/www.mazzer.com\/es\/prodotto\/t-tamper\/","url":"https:\/\/www.mazzer.com\/es\/prodotto\/t-tamper\/","name":"T-Tamper - Mazzer","isPartOf":{"@id":"https:\/\/www.mazzer.com\/#website"},"primaryImageOfPage":{"@id":"https:\/\/www.mazzer.com\/es\/prodotto\/t-tamper\/#primaryimage"},"image":{"@id":"https:\/\/www.mazzer.com\/es\/prodotto\/t-tamper\/#primaryimage"},"thumbnailUrl":"https:\/\/mazzer.mapo.dev\/wp-content\/uploads\/2021\/10\/t-tamper-black-3-4.jpg","datePublished":"2021-10-18T09:59:29+00:00","breadcrumb":{"@id":"https:\/\/www.mazzer.com\/es\/prodotto\/t-tamper\/#breadcrumb"},"inLanguage":"es-ES","potentialAction":[{"@type":"ReadAction","target":["https:\/\/www.mazzer.com\/es\/prodotto\/t-tamper\/"]}]},{"@type":"ImageObject","inLanguage":"es-ES","@id":"https:\/\/www.mazzer.com\/es\/prodotto\/t-tamper\/#primaryimage","url":"https:\/\/mazzer.mapo.dev\/wp-content\/uploads\/2021\/10\/t-tamper-black-3-4.jpg","contentUrl":"https:\/\/mazzer.mapo.dev\/wp-content\/uploads\/2021\/10\/t-tamper-black-3-4.jpg","width":656,"height":984},{"@type":"BreadcrumbList","@id":"https:\/\/www.mazzer.com\/es\/prodotto\/t-tamper\/#breadcrumb","itemListElement":[{"@type":"ListItem","position":1,"name":"Home","item":"https:\/\/www.mazzer.com\/"},{"@type":"ListItem","position":2,"name":"Prodotti","item":"https:\/\/www.mazzer.com\/shop\/"},{"@type":"ListItem","position":3,"name":"T-Tamper"}]},{"@type":"WebSite","@id":"https:\/\/www.mazzer.com\/#website","url":"https:\/\/www.mazzer.com\/","name":"Mazzer","description":"Macinacaff\u00e8 professionali, Macine e Macinadosatori","potentialAction":[{"@type":"SearchAction","target":{"@type":"EntryPoint","urlTemplate":"https:\/\/www.mazzer.com\/?s={search_term_string}"},"query-input":{"@type":"PropertyValueSpecification","valueRequired":true,"valueName":"search_term_string"}}],"inLanguage":"es-ES"}]}},"_links":{"self":[{"href":"https:\/\/mazzer.mapo.dev\/es\/wp-json\/wp\/v2\/product\/17418","targetHints":{"allow":["GET"]}}],"collection":[{"href":"https:\/\/mazzer.mapo.dev\/es\/wp-json\/wp\/v2\/product"}],"about":[{"href":"https:\/\/mazzer.mapo.dev\/es\/wp-json\/wp\/v2\/types\/product"}],"wp:featuredmedia":[{"embeddable":true,"href":"https:\/\/mazzer.mapo.dev\/es\/wp-json\/wp\/v2\/media\/17008"}],"wp:attachment":[{"href":"https:\/\/mazzer.mapo.dev\/es\/wp-json\/wp\/v2\/media?parent=17418"}],"wp:term":[{"taxonomy":"product_brand","embeddable":true,"href":"https:\/\/mazzer.mapo.dev\/es\/wp-json\/wp\/v2\/product_brand?post=17418"},{"taxonomy":"product_cat","embeddable":true,"href":"https:\/\/mazzer.mapo.dev\/es\/wp-json\/wp\/v2\/product_cat?post=17418"},{"taxonomy":"product_tag","embeddable":true,"href":"https:\/\/mazzer.mapo.dev\/es\/wp-json\/wp\/v2\/product_tag?post=17418"}],"curies":[{"name":"wp","href":"https:\/\/api.w.org\/{rel}","templated":true}]}}