{"id":17406,"date":"2021-10-20T12:06:40","date_gmt":"2021-10-20T10:06:40","guid":{"rendered":"https:\/\/mazzer.mapo.dev\/prodotto\/super-jolly-v-up\/"},"modified":"2021-10-20T12:06:40","modified_gmt":"2021-10-20T10:06:40","slug":"super-jolly-v-up","status":"publish","type":"product","link":"https:\/\/mazzer.mapo.dev\/es\/prodotto\/super-jolly-v-up\/","title":{"rendered":"Super Jolly V Up"},"content":{"rendered":"<div>Super Jolly V Up \u00e8 un macinacaff\u00e8 affidabile, facile da usare e completo di tutte le funzionalit\u00e0 essenziali per caffetterie di dimensioni medie e medio piccole.<\/div>\n<div>Il nuovo display touch, unico nella gamma Mazzer, rende l\u2019apparecchio ancora pi\u00f9 semplice e intuitivo nell\u2019utilizzo.<\/div>\n","protected":false},"excerpt":{"rendered":"<p>Super Jolly V Up \u00e8 un macinacaff\u00e8 affidabile, facile da usare e completo di tutte le funzionalit\u00e0 essenziali per caffetterie di dimensioni medie e medio piccole. Il nuovo display touch, unico nella gamma Mazzer, rende l\u2019apparecchio ancora pi\u00f9 semplice e intuitivo nell\u2019utilizzo.<\/p>\n","protected":false},"featured_media":17031,"template":"","meta":{"inline_featured_image":false},"product_brand":[],"product_cat":[599,631],"product_tag":[630,602,603],"class_list":{"0":"post-17406","1":"product","2":"type-product","3":"status-publish","4":"has-post-thumbnail","6":"product_cat-macinacaffe-es","7":"product_cat-super-jolly","8":"product_tag-medi-es","9":"product_tag-ondemand-es","10":"product_tag-piane-es","12":"first","13":"instock","14":"taxable","15":"shipping-taxable","16":"purchasable","17":"product-type-variable"},"acf":[],"yoast_head":"<!-- This site is optimized with the Yoast SEO plugin v25.4 - https:\/\/yoast.com\/wordpress\/plugins\/seo\/ -->\n<title>Super Jolly V Up - Mazzer<\/title>\n<meta name=\"robots\" content=\"index, follow, max-snippet:-1, max-image-preview:large, max-video-preview:-1\" \/>\n<link rel=\"canonical\" href=\"https:\/\/www.mazzer.com\/es\/prodotto\/super-jolly-v-up\/\" \/>\n<meta property=\"og:locale\" content=\"es_ES\" \/>\n<meta property=\"og:type\" content=\"article\" \/>\n<meta property=\"og:title\" content=\"Super Jolly V Up - Mazzer\" \/>\n<meta property=\"og:description\" content=\"Super Jolly V Up \u00e8 un macinacaff\u00e8 affidabile, facile da usare e completo di tutte le funzionalit\u00e0 essenziali per caffetterie di dimensioni medie e medio piccole. Il nuovo display touch, unico nella gamma Mazzer, rende l\u2019apparecchio ancora pi\u00f9 semplice e intuitivo nell\u2019utilizzo.\" \/>\n<meta property=\"og:url\" content=\"https:\/\/www.mazzer.com\/es\/prodotto\/super-jolly-v-up\/\" \/>\n<meta property=\"og:site_name\" content=\"Mazzer\" \/>\n<meta property=\"og:image\" content=\"https:\/\/www.mazzer.com\/wp-content\/uploads\/2021\/10\/SJ-V-Up-nero-3-4.jpg\" \/>\n\t<meta property=\"og:image:width\" content=\"656\" \/>\n\t<meta property=\"og:image:height\" content=\"984\" \/>\n\t<meta property=\"og:image:type\" content=\"image\/jpeg\" \/>\n<meta name=\"twitter:card\" content=\"summary_large_image\" \/>\n<script type=\"application\/ld+json\" class=\"yoast-schema-graph\">{\"@context\":\"https:\/\/schema.org\",\"@graph\":[{\"@type\":\"WebPage\",\"@id\":\"https:\/\/www.mazzer.com\/es\/prodotto\/super-jolly-v-up\/\",\"url\":\"https:\/\/www.mazzer.com\/es\/prodotto\/super-jolly-v-up\/\",\"name\":\"Super Jolly V Up - Mazzer\",\"isPartOf\":{\"@id\":\"https:\/\/www.mazzer.com\/#website\"},\"primaryImageOfPage\":{\"@id\":\"https:\/\/www.mazzer.com\/es\/prodotto\/super-jolly-v-up\/#primaryimage\"},\"image\":{\"@id\":\"https:\/\/www.mazzer.com\/es\/prodotto\/super-jolly-v-up\/#primaryimage\"},\"thumbnailUrl\":\"https:\/\/mazzer.mapo.dev\/wp-content\/uploads\/2021\/10\/SJ-V-Up-nero-3-4.jpg\",\"datePublished\":\"2021-10-20T10:06:40+00:00\",\"breadcrumb\":{\"@id\":\"https:\/\/www.mazzer.com\/es\/prodotto\/super-jolly-v-up\/#breadcrumb\"},\"inLanguage\":\"es-ES\",\"potentialAction\":[{\"@type\":\"ReadAction\",\"target\":[\"https:\/\/www.mazzer.com\/es\/prodotto\/super-jolly-v-up\/\"]}]},{\"@type\":\"ImageObject\",\"inLanguage\":\"es-ES\",\"@id\":\"https:\/\/www.mazzer.com\/es\/prodotto\/super-jolly-v-up\/#primaryimage\",\"url\":\"https:\/\/mazzer.mapo.dev\/wp-content\/uploads\/2021\/10\/SJ-V-Up-nero-3-4.jpg\",\"contentUrl\":\"https:\/\/mazzer.mapo.dev\/wp-content\/uploads\/2021\/10\/SJ-V-Up-nero-3-4.jpg\",\"width\":656,\"height\":984},{\"@type\":\"BreadcrumbList\",\"@id\":\"https:\/\/www.mazzer.com\/es\/prodotto\/super-jolly-v-up\/#breadcrumb\",\"itemListElement\":[{\"@type\":\"ListItem\",\"position\":1,\"name\":\"Home\",\"item\":\"https:\/\/www.mazzer.com\/\"},{\"@type\":\"ListItem\",\"position\":2,\"name\":\"Prodotti\",\"item\":\"https:\/\/www.mazzer.com\/shop\/\"},{\"@type\":\"ListItem\",\"position\":3,\"name\":\"Super Jolly V Up\"}]},{\"@type\":\"WebSite\",\"@id\":\"https:\/\/www.mazzer.com\/#website\",\"url\":\"https:\/\/www.mazzer.com\/\",\"name\":\"Mazzer\",\"description\":\"Macinacaff\u00e8 professionali, Macine e Macinadosatori\",\"potentialAction\":[{\"@type\":\"SearchAction\",\"target\":{\"@type\":\"EntryPoint\",\"urlTemplate\":\"https:\/\/www.mazzer.com\/?s={search_term_string}\"},\"query-input\":{\"@type\":\"PropertyValueSpecification\",\"valueRequired\":true,\"valueName\":\"search_term_string\"}}],\"inLanguage\":\"es-ES\"}]}<\/script>\n<!-- \/ Yoast SEO plugin. -->","yoast_head_json":{"title":"Super Jolly V Up - Mazzer","robots":{"index":"index","follow":"follow","max-snippet":"max-snippet:-1","max-image-preview":"max-image-preview:large","max-video-preview":"max-video-preview:-1"},"canonical":"https:\/\/www.mazzer.com\/es\/prodotto\/super-jolly-v-up\/","og_locale":"es_ES","og_type":"article","og_title":"Super Jolly V Up - Mazzer","og_description":"Super Jolly V Up \u00e8 un macinacaff\u00e8 affidabile, facile da usare e completo di tutte le funzionalit\u00e0 essenziali per caffetterie di dimensioni medie e medio piccole. Il nuovo display touch, unico nella gamma Mazzer, rende l\u2019apparecchio ancora pi\u00f9 semplice e intuitivo nell\u2019utilizzo.","og_url":"https:\/\/www.mazzer.com\/es\/prodotto\/super-jolly-v-up\/","og_site_name":"Mazzer","og_image":[{"width":656,"height":984,"url":"https:\/\/www.mazzer.com\/wp-content\/uploads\/2021\/10\/SJ-V-Up-nero-3-4.jpg","type":"image\/jpeg"}],"twitter_card":"summary_large_image","schema":{"@context":"https:\/\/schema.org","@graph":[{"@type":"WebPage","@id":"https:\/\/www.mazzer.com\/es\/prodotto\/super-jolly-v-up\/","url":"https:\/\/www.mazzer.com\/es\/prodotto\/super-jolly-v-up\/","name":"Super Jolly V Up - Mazzer","isPartOf":{"@id":"https:\/\/www.mazzer.com\/#website"},"primaryImageOfPage":{"@id":"https:\/\/www.mazzer.com\/es\/prodotto\/super-jolly-v-up\/#primaryimage"},"image":{"@id":"https:\/\/www.mazzer.com\/es\/prodotto\/super-jolly-v-up\/#primaryimage"},"thumbnailUrl":"https:\/\/mazzer.mapo.dev\/wp-content\/uploads\/2021\/10\/SJ-V-Up-nero-3-4.jpg","datePublished":"2021-10-20T10:06:40+00:00","breadcrumb":{"@id":"https:\/\/www.mazzer.com\/es\/prodotto\/super-jolly-v-up\/#breadcrumb"},"inLanguage":"es-ES","potentialAction":[{"@type":"ReadAction","target":["https:\/\/www.mazzer.com\/es\/prodotto\/super-jolly-v-up\/"]}]},{"@type":"ImageObject","inLanguage":"es-ES","@id":"https:\/\/www.mazzer.com\/es\/prodotto\/super-jolly-v-up\/#primaryimage","url":"https:\/\/mazzer.mapo.dev\/wp-content\/uploads\/2021\/10\/SJ-V-Up-nero-3-4.jpg","contentUrl":"https:\/\/mazzer.mapo.dev\/wp-content\/uploads\/2021\/10\/SJ-V-Up-nero-3-4.jpg","width":656,"height":984},{"@type":"BreadcrumbList","@id":"https:\/\/www.mazzer.com\/es\/prodotto\/super-jolly-v-up\/#breadcrumb","itemListElement":[{"@type":"ListItem","position":1,"name":"Home","item":"https:\/\/www.mazzer.com\/"},{"@type":"ListItem","position":2,"name":"Prodotti","item":"https:\/\/www.mazzer.com\/shop\/"},{"@type":"ListItem","position":3,"name":"Super Jolly V Up"}]},{"@type":"WebSite","@id":"https:\/\/www.mazzer.com\/#website","url":"https:\/\/www.mazzer.com\/","name":"Mazzer","description":"Macinacaff\u00e8 professionali, Macine e Macinadosatori","potentialAction":[{"@type":"SearchAction","target":{"@type":"EntryPoint","urlTemplate":"https:\/\/www.mazzer.com\/?s={search_term_string}"},"query-input":{"@type":"PropertyValueSpecification","valueRequired":true,"valueName":"search_term_string"}}],"inLanguage":"es-ES"}]}},"_links":{"self":[{"href":"https:\/\/mazzer.mapo.dev\/es\/wp-json\/wp\/v2\/product\/17406","targetHints":{"allow":["GET"]}}],"collection":[{"href":"https:\/\/mazzer.mapo.dev\/es\/wp-json\/wp\/v2\/product"}],"about":[{"href":"https:\/\/mazzer.mapo.dev\/es\/wp-json\/wp\/v2\/types\/product"}],"wp:featuredmedia":[{"embeddable":true,"href":"https:\/\/mazzer.mapo.dev\/es\/wp-json\/wp\/v2\/media\/17031"}],"wp:attachment":[{"href":"https:\/\/mazzer.mapo.dev\/es\/wp-json\/wp\/v2\/media?parent=17406"}],"wp:term":[{"taxonomy":"product_brand","embeddable":true,"href":"https:\/\/mazzer.mapo.dev\/es\/wp-json\/wp\/v2\/product_brand?post=17406"},{"taxonomy":"product_cat","embeddable":true,"href":"https:\/\/mazzer.mapo.dev\/es\/wp-json\/wp\/v2\/product_cat?post=17406"},{"taxonomy":"product_tag","embeddable":true,"href":"https:\/\/mazzer.mapo.dev\/es\/wp-json\/wp\/v2\/product_tag?post=17406"}],"curies":[{"name":"wp","href":"https:\/\/api.w.org\/{rel}","templated":true}]}}