{"id":17387,"date":"2022-06-08T11:52:19","date_gmt":"2022-06-08T09:52:19","guid":{"rendered":"https:\/\/mazzer.mapo.dev\/prodotto\/macina-198c\/"},"modified":"2022-06-08T11:52:19","modified_gmt":"2022-06-08T09:52:19","slug":"macina-198c","status":"publish","type":"product","link":"https:\/\/mazzer.mapo.dev\/es\/prodotto\/macina-198c\/","title":{"rendered":"Macina 198C"},"content":{"rendered":"<p>Macina conica in acciaio inox \u00d8 47 mm<br \/>\nQuesto set di macine \u00e8 progettato per il macinacaff\u00e8 manuale Omega per una macinatura veloce.<\/p>\n","protected":false},"excerpt":{"rendered":"<p>Macina conica in acciaio inox \u00d8 47 mm Questo set di macine \u00e8 progettato per il macinacaff\u00e8 manuale Omega per una macinatura veloce.<\/p>\n","protected":false},"featured_media":17303,"template":"","meta":{"inline_featured_image":false},"product_brand":[],"product_cat":[605,606,608,607],"product_tag":[743],"class_list":{"0":"post-17387","1":"product","2":"type-product","3":"status-publish","4":"has-post-thumbnail","6":"product_cat-macine-es","7":"product_cat-macine-coniche","8":"product_cat-macine-per-espresso","9":"product_cat-macine-per-filtro","10":"product_tag-omega-es","12":"first","13":"instock","14":"sold-individually","15":"taxable","16":"shipping-taxable","17":"purchasable","18":"product-type-simple"},"acf":[],"yoast_head":"<!-- This site is optimized with the Yoast SEO plugin v25.4 - https:\/\/yoast.com\/wordpress\/plugins\/seo\/ -->\n<title>Macina 198C - Mazzer<\/title>\n<meta name=\"robots\" content=\"index, follow, max-snippet:-1, max-image-preview:large, max-video-preview:-1\" \/>\n<link rel=\"canonical\" href=\"https:\/\/www.mazzer.com\/es\/prodotto\/macina-198c\/\" \/>\n<meta property=\"og:locale\" content=\"es_ES\" \/>\n<meta property=\"og:type\" content=\"article\" \/>\n<meta property=\"og:title\" content=\"Macina 198C - Mazzer\" \/>\n<meta property=\"og:description\" content=\"Macina conica in acciaio inox \u00d8 47 mm Questo set di macine \u00e8 progettato per il macinacaff\u00e8 manuale Omega per una macinatura veloce.\" \/>\n<meta property=\"og:url\" content=\"https:\/\/www.mazzer.com\/es\/prodotto\/macina-198c\/\" \/>\n<meta property=\"og:site_name\" content=\"Mazzer\" \/>\n<meta property=\"og:image\" content=\"https:\/\/www.mazzer.com\/wp-content\/uploads\/2022\/06\/anteprima-198C.jpg\" \/>\n\t<meta property=\"og:image:width\" content=\"656\" \/>\n\t<meta property=\"og:image:height\" content=\"984\" \/>\n\t<meta property=\"og:image:type\" content=\"image\/jpeg\" \/>\n<meta name=\"twitter:card\" content=\"summary_large_image\" \/>\n<script type=\"application\/ld+json\" class=\"yoast-schema-graph\">{\"@context\":\"https:\/\/schema.org\",\"@graph\":[{\"@type\":\"WebPage\",\"@id\":\"https:\/\/www.mazzer.com\/es\/prodotto\/macina-198c\/\",\"url\":\"https:\/\/www.mazzer.com\/es\/prodotto\/macina-198c\/\",\"name\":\"Macina 198C - Mazzer\",\"isPartOf\":{\"@id\":\"https:\/\/www.mazzer.com\/#website\"},\"primaryImageOfPage\":{\"@id\":\"https:\/\/www.mazzer.com\/es\/prodotto\/macina-198c\/#primaryimage\"},\"image\":{\"@id\":\"https:\/\/www.mazzer.com\/es\/prodotto\/macina-198c\/#primaryimage\"},\"thumbnailUrl\":\"https:\/\/mazzer.mapo.dev\/wp-content\/uploads\/2022\/06\/anteprima-198C.jpg\",\"datePublished\":\"2022-06-08T09:52:19+00:00\",\"breadcrumb\":{\"@id\":\"https:\/\/www.mazzer.com\/es\/prodotto\/macina-198c\/#breadcrumb\"},\"inLanguage\":\"es-ES\",\"potentialAction\":[{\"@type\":\"ReadAction\",\"target\":[\"https:\/\/www.mazzer.com\/es\/prodotto\/macina-198c\/\"]}]},{\"@type\":\"ImageObject\",\"inLanguage\":\"es-ES\",\"@id\":\"https:\/\/www.mazzer.com\/es\/prodotto\/macina-198c\/#primaryimage\",\"url\":\"https:\/\/mazzer.mapo.dev\/wp-content\/uploads\/2022\/06\/anteprima-198C.jpg\",\"contentUrl\":\"https:\/\/mazzer.mapo.dev\/wp-content\/uploads\/2022\/06\/anteprima-198C.jpg\",\"width\":656,\"height\":984},{\"@type\":\"BreadcrumbList\",\"@id\":\"https:\/\/www.mazzer.com\/es\/prodotto\/macina-198c\/#breadcrumb\",\"itemListElement\":[{\"@type\":\"ListItem\",\"position\":1,\"name\":\"Home\",\"item\":\"https:\/\/www.mazzer.com\/\"},{\"@type\":\"ListItem\",\"position\":2,\"name\":\"Prodotti\",\"item\":\"https:\/\/www.mazzer.com\/shop\/\"},{\"@type\":\"ListItem\",\"position\":3,\"name\":\"Macina 198C\"}]},{\"@type\":\"WebSite\",\"@id\":\"https:\/\/www.mazzer.com\/#website\",\"url\":\"https:\/\/www.mazzer.com\/\",\"name\":\"Mazzer\",\"description\":\"Macinacaff\u00e8 professionali, Macine e Macinadosatori\",\"potentialAction\":[{\"@type\":\"SearchAction\",\"target\":{\"@type\":\"EntryPoint\",\"urlTemplate\":\"https:\/\/www.mazzer.com\/?s={search_term_string}\"},\"query-input\":{\"@type\":\"PropertyValueSpecification\",\"valueRequired\":true,\"valueName\":\"search_term_string\"}}],\"inLanguage\":\"es-ES\"}]}<\/script>\n<!-- \/ Yoast SEO plugin. -->","yoast_head_json":{"title":"Macina 198C - Mazzer","robots":{"index":"index","follow":"follow","max-snippet":"max-snippet:-1","max-image-preview":"max-image-preview:large","max-video-preview":"max-video-preview:-1"},"canonical":"https:\/\/www.mazzer.com\/es\/prodotto\/macina-198c\/","og_locale":"es_ES","og_type":"article","og_title":"Macina 198C - Mazzer","og_description":"Macina conica in acciaio inox \u00d8 47 mm Questo set di macine \u00e8 progettato per il macinacaff\u00e8 manuale Omega per una macinatura veloce.","og_url":"https:\/\/www.mazzer.com\/es\/prodotto\/macina-198c\/","og_site_name":"Mazzer","og_image":[{"width":656,"height":984,"url":"https:\/\/www.mazzer.com\/wp-content\/uploads\/2022\/06\/anteprima-198C.jpg","type":"image\/jpeg"}],"twitter_card":"summary_large_image","schema":{"@context":"https:\/\/schema.org","@graph":[{"@type":"WebPage","@id":"https:\/\/www.mazzer.com\/es\/prodotto\/macina-198c\/","url":"https:\/\/www.mazzer.com\/es\/prodotto\/macina-198c\/","name":"Macina 198C - Mazzer","isPartOf":{"@id":"https:\/\/www.mazzer.com\/#website"},"primaryImageOfPage":{"@id":"https:\/\/www.mazzer.com\/es\/prodotto\/macina-198c\/#primaryimage"},"image":{"@id":"https:\/\/www.mazzer.com\/es\/prodotto\/macina-198c\/#primaryimage"},"thumbnailUrl":"https:\/\/mazzer.mapo.dev\/wp-content\/uploads\/2022\/06\/anteprima-198C.jpg","datePublished":"2022-06-08T09:52:19+00:00","breadcrumb":{"@id":"https:\/\/www.mazzer.com\/es\/prodotto\/macina-198c\/#breadcrumb"},"inLanguage":"es-ES","potentialAction":[{"@type":"ReadAction","target":["https:\/\/www.mazzer.com\/es\/prodotto\/macina-198c\/"]}]},{"@type":"ImageObject","inLanguage":"es-ES","@id":"https:\/\/www.mazzer.com\/es\/prodotto\/macina-198c\/#primaryimage","url":"https:\/\/mazzer.mapo.dev\/wp-content\/uploads\/2022\/06\/anteprima-198C.jpg","contentUrl":"https:\/\/mazzer.mapo.dev\/wp-content\/uploads\/2022\/06\/anteprima-198C.jpg","width":656,"height":984},{"@type":"BreadcrumbList","@id":"https:\/\/www.mazzer.com\/es\/prodotto\/macina-198c\/#breadcrumb","itemListElement":[{"@type":"ListItem","position":1,"name":"Home","item":"https:\/\/www.mazzer.com\/"},{"@type":"ListItem","position":2,"name":"Prodotti","item":"https:\/\/www.mazzer.com\/shop\/"},{"@type":"ListItem","position":3,"name":"Macina 198C"}]},{"@type":"WebSite","@id":"https:\/\/www.mazzer.com\/#website","url":"https:\/\/www.mazzer.com\/","name":"Mazzer","description":"Macinacaff\u00e8 professionali, Macine e Macinadosatori","potentialAction":[{"@type":"SearchAction","target":{"@type":"EntryPoint","urlTemplate":"https:\/\/www.mazzer.com\/?s={search_term_string}"},"query-input":{"@type":"PropertyValueSpecification","valueRequired":true,"valueName":"search_term_string"}}],"inLanguage":"es-ES"}]}},"_links":{"self":[{"href":"https:\/\/mazzer.mapo.dev\/es\/wp-json\/wp\/v2\/product\/17387","targetHints":{"allow":["GET"]}}],"collection":[{"href":"https:\/\/mazzer.mapo.dev\/es\/wp-json\/wp\/v2\/product"}],"about":[{"href":"https:\/\/mazzer.mapo.dev\/es\/wp-json\/wp\/v2\/types\/product"}],"wp:featuredmedia":[{"embeddable":true,"href":"https:\/\/mazzer.mapo.dev\/es\/wp-json\/wp\/v2\/media\/17303"}],"wp:attachment":[{"href":"https:\/\/mazzer.mapo.dev\/es\/wp-json\/wp\/v2\/media?parent=17387"}],"wp:term":[{"taxonomy":"product_brand","embeddable":true,"href":"https:\/\/mazzer.mapo.dev\/es\/wp-json\/wp\/v2\/product_brand?post=17387"},{"taxonomy":"product_cat","embeddable":true,"href":"https:\/\/mazzer.mapo.dev\/es\/wp-json\/wp\/v2\/product_cat?post=17387"},{"taxonomy":"product_tag","embeddable":true,"href":"https:\/\/mazzer.mapo.dev\/es\/wp-json\/wp\/v2\/product_tag?post=17387"}],"curies":[{"name":"wp","href":"https:\/\/api.w.org\/{rel}","templated":true}]}}